{"id":1309,"date":"2021-07-13T11:05:53","date_gmt":"2021-07-13T09:05:53","guid":{"rendered":"https:\/\/bbok.at\/bo360\/?page_id=1309"},"modified":"2024-02-23T18:00:59","modified_gmt":"2024-02-23T17:00:59","slug":"firmencheck-schau-dich-schlau","status":"publish","type":"page","link":"https:\/\/bbok.at\/bo360\/firmencheck-schau-dich-schlau\/","title":{"rendered":"Firmencheck \u2013 Schau dich schlau!"},"content":{"rendered":"\t\t<div data-elementor-type=\"wp-page\" data-elementor-id=\"1309\" class=\"elementor elementor-1309\" data-elementor-post-type=\"page\">\n\t\t\t\t\t\t<section class=\"elementor-section elementor-top-section elementor-element elementor-element-264a09d elementor-reverse-tablet elementor-reverse-mobile elementor-section-boxed elementor-section-height-default elementor-section-height-default\" data-id=\"264a09d\" data-element_type=\"section\" data-e-type=\"section\" data-settings=\"{&quot;background_background&quot;:&quot;classic&quot;}\">\n\t\t\t\t\t\t\t<div class=\"elementor-background-overlay\"><\/div>\n\t\t\t\t\t\t\t<div class=\"elementor-container elementor-column-gap-no\">\n\t\t\t\t\t<div class=\"elementor-column elementor-col-100 elementor-top-column elementor-element elementor-element-aaa7068\" data-id=\"aaa7068\" data-element_type=\"column\" data-e-type=\"column\" data-settings=\"{&quot;background_background&quot;:&quot;classic&quot;}\">\n\t\t\t<div class=\"elementor-widget-wrap elementor-element-populated\">\n\t\t\t\t\t\t<div class=\"elementor-element elementor-element-df2cf5d elementor-widget elementor-widget-heading\" data-id=\"df2cf5d\" data-element_type=\"widget\" data-e-type=\"widget\" data-widget_type=\"heading.default\">\n\t\t\t\t<div class=\"elementor-widget-container\">\n\t\t\t\t\t<h2 class=\"elementor-heading-title elementor-size-default\">Firmencheck \u2713 \u2013 Schau dich schlau!<\/h2>\t\t\t\t<\/div>\n\t\t\t\t<\/div>\n\t\t\t\t<div class=\"elementor-element elementor-element-7191af9 elementor-widget elementor-widget-text-editor\" data-id=\"7191af9\" data-element_type=\"widget\" data-e-type=\"widget\" data-widget_type=\"text-editor.default\">\n\t\t\t\t<div class=\"elementor-widget-container\">\n\t\t\t\t\t\t\t\t\t<p><em><strong>Film ab! Berufevideos aus der Schmiede der BBOK<\/strong><\/em><\/p>\t\t\t\t\t\t\t\t<\/div>\n\t\t\t\t<\/div>\n\t\t\t\t<div class=\"elementor-element elementor-element-c5d8d9d elementor-widget elementor-widget-text-editor\" data-id=\"c5d8d9d\" data-element_type=\"widget\" data-e-type=\"widget\" data-widget_type=\"text-editor.default\">\n\t\t\t\t<div class=\"elementor-widget-container\">\n\t\t\t\t\t\t\t\t\t<p>Die Filmreihe \u201eFirmencheck \u2713 \u2013 Schau dich schlau!\u201c bietet angehenden AHS-Maturant_innen die exklusive M\u00f6glichkeit, hinter die Kulissen von K\u00e4rntner Lehrbetrieben zu blicken und praxisnahe Informationen zur dualen Berufsausbildung zu bekommen. Die Videos eignen sich auch zum Einsatz im Unterricht bzw. Klassenverband.\u00a0<\/p>\t\t\t\t\t\t\t\t<\/div>\n\t\t\t\t<\/div>\n\t\t\t\t<div class=\"elementor-element elementor-element-c94d27b elementor-widget elementor-widget-text-editor\" data-id=\"c94d27b\" data-element_type=\"widget\" data-e-type=\"widget\" data-widget_type=\"text-editor.default\">\n\t\t\t\t<div class=\"elementor-widget-container\">\n\t\t\t\t\t\t\t\t\t<p style=\"font-weight: 400;\">Unter dem Motto \u201eKlappe und Action \u2013 Berufsinformation einmal anders\u201c berichten Mitarbeiter_innen und Lehrlinge von ihrem Werdegang, und Praktiker_innen nehmen Bezug auf Branchenspezifika.<\/p><p style=\"font-weight: 400;\">In Kooperation mit K\u00e4rntner Lehrbetrieben sind anschauliche Videos entstanden, die \u00fcber den Arbeitsalltag in all seinen Facetten informieren und einen \u00dcberblick \u00fcber Branchen und berufsbezogene Themenfelder geben. \u201eFirmencheck \u2713 \u2013 Schau dich schlau!\u201c bietet eine hilfreiche Orientierung bei der Berufswahl nach der Matura.<\/p>\t\t\t\t\t\t\t\t<\/div>\n\t\t\t\t<\/div>\n\t\t\t\t<div class=\"elementor-element elementor-element-3554160 elementor-widget elementor-widget-text-editor\" data-id=\"3554160\" data-element_type=\"widget\" data-e-type=\"widget\" data-widget_type=\"text-editor.default\">\n\t\t\t\t<div class=\"elementor-widget-container\">\n\t\t\t\t\t\t\t\t\t<p><strong>Haben Sie einen besonderen Videowunsch oder m\u00f6chten Sie die Videos mit Realbegegnungen kombinieren? Dann kontaktieren Sie bitte Ihre pers\u00f6nlichen Ansprechpartner_innen der BBOK in Ihrer Region!<\/strong><\/p>\t\t\t\t\t\t\t\t<\/div>\n\t\t\t\t<\/div>\n\t\t\t\t\t<\/div>\n\t\t<\/div>\n\t\t\t\t\t<\/div>\n\t\t<\/section>\n\t\t\t\t<section class=\"elementor-section elementor-top-section elementor-element elementor-element-4a5bfc7 elementor-section-boxed elementor-section-height-default elementor-section-height-default\" data-id=\"4a5bfc7\" data-element_type=\"section\" data-e-type=\"section\" data-settings=\"{&quot;background_background&quot;:&quot;classic&quot;}\">\n\t\t\t\t\t\t<div class=\"elementor-container elementor-column-gap-default\">\n\t\t\t\t\t<div class=\"elementor-column elementor-col-50 elementor-top-column elementor-element elementor-element-d0bc133\" data-id=\"d0bc133\" data-element_type=\"column\" data-e-type=\"column\" data-settings=\"{&quot;background_background&quot;:&quot;classic&quot;}\">\n\t\t\t<div class=\"elementor-widget-wrap elementor-element-populated\">\n\t\t\t\t\t\t<div class=\"elementor-element elementor-element-da6bbc0 elementor-align-center elementor-widget elementor-widget-button\" data-id=\"da6bbc0\" data-element_type=\"widget\" data-e-type=\"widget\" data-widget_type=\"button.default\">\n\t\t\t\t<div class=\"elementor-widget-container\">\n\t\t\t\t\t\t\t\t\t<div class=\"elementor-button-wrapper\">\n\t\t\t\t\t<a class=\"elementor-button elementor-button-link elementor-size-sm\" href=\"https:\/\/bbok.at\/kontakte\/\">\n\t\t\t\t\t\t<span class=\"elementor-button-content-wrapper\">\n\t\t\t\t\t\t\t\t\t<span class=\"elementor-button-text\">Kontakt<\/span>\n\t\t\t\t\t<\/span>\n\t\t\t\t\t<\/a>\n\t\t\t\t<\/div>\n\t\t\t\t\t\t\t\t<\/div>\n\t\t\t\t<\/div>\n\t\t\t\t<div class=\"elementor-element elementor-element-a527684 elementor-align-center elementor-widget elementor-widget-button\" data-id=\"a527684\" data-element_type=\"widget\" data-e-type=\"widget\" data-widget_type=\"button.default\">\n\t\t\t\t<div class=\"elementor-widget-container\">\n\t\t\t\t\t\t\t\t\t<div class=\"elementor-button-wrapper\">\n\t\t\t\t\t<a class=\"elementor-button elementor-button-link elementor-size-sm\" href=\"https:\/\/bbok.at\/bo360\/\">\n\t\t\t\t\t\t<span class=\"elementor-button-content-wrapper\">\n\t\t\t\t\t\t\t\t\t<span class=\"elementor-button-text\">Zur\u00fcck zur \u00dcbersicht<\/span>\n\t\t\t\t\t<\/span>\n\t\t\t\t\t<\/a>\n\t\t\t\t<\/div>\n\t\t\t\t\t\t\t\t<\/div>\n\t\t\t\t<\/div>\n\t\t\t\t\t<\/div>\n\t\t<\/div>\n\t\t\t\t<div class=\"elementor-column elementor-col-50 elementor-top-column elementor-element elementor-element-f75cfb8\" data-id=\"f75cfb8\" data-element_type=\"column\" data-e-type=\"column\" data-settings=\"{&quot;background_background&quot;:&quot;classic&quot;}\">\n\t\t\t<div class=\"elementor-widget-wrap elementor-element-populated\">\n\t\t\t\t\t\t<div class=\"elementor-element elementor-element-2599e17 elementor-widget elementor-widget-video\" data-id=\"2599e17\" data-element_type=\"widget\" data-e-type=\"widget\" data-settings=\"{&quot;youtube_url&quot;:&quot;https:\\\/\\\/youtu.be\\\/3I-Ha6bbbDw&quot;,&quot;video_type&quot;:&quot;youtube&quot;,&quot;controls&quot;:&quot;yes&quot;}\" data-widget_type=\"video.default\">\n\t\t\t\t<div class=\"elementor-widget-container\">\n\t\t\t\t\t\t\t<div class=\"elementor-wrapper elementor-open-inline\">\n\t\t\t<div class=\"elementor-video\"><\/div>\t\t<\/div>\n\t\t\t\t\t\t<\/div>\n\t\t\t\t<\/div>\n\t\t\t\t\t<\/div>\n\t\t<\/div>\n\t\t\t\t\t<\/div>\n\t\t<\/section>\n\t\t\t\t<section class=\"elementor-section elementor-top-section elementor-element elementor-element-a43dd3d elementor-section-boxed elementor-section-height-default elementor-section-height-default\" data-id=\"a43dd3d\" data-element_type=\"section\" data-e-type=\"section\" data-settings=\"{&quot;background_background&quot;:&quot;classic&quot;}\">\n\t\t\t\t\t\t<div class=\"elementor-container elementor-column-gap-default\">\n\t\t\t\t\t<div class=\"elementor-column elementor-col-50 elementor-top-column elementor-element elementor-element-536598d\" data-id=\"536598d\" data-element_type=\"column\" data-e-type=\"column\" data-settings=\"{&quot;background_background&quot;:&quot;classic&quot;}\">\n\t\t\t<div class=\"elementor-widget-wrap elementor-element-populated\">\n\t\t\t\t\t\t<div class=\"elementor-element elementor-element-e68b142 elementor-widget elementor-widget-video\" data-id=\"e68b142\" data-element_type=\"widget\" data-e-type=\"widget\" data-settings=\"{&quot;youtube_url&quot;:&quot;https:\\\/\\\/youtu.be\\\/bDabJ0aE698&quot;,&quot;video_type&quot;:&quot;youtube&quot;,&quot;controls&quot;:&quot;yes&quot;}\" data-widget_type=\"video.default\">\n\t\t\t\t<div class=\"elementor-widget-container\">\n\t\t\t\t\t\t\t<div class=\"elementor-wrapper elementor-open-inline\">\n\t\t\t<div class=\"elementor-video\"><\/div>\t\t<\/div>\n\t\t\t\t\t\t<\/div>\n\t\t\t\t<\/div>\n\t\t\t\t<div class=\"elementor-element elementor-element-5e66403 elementor-widget elementor-widget-video\" data-id=\"5e66403\" data-element_type=\"widget\" data-e-type=\"widget\" data-settings=\"{&quot;youtube_url&quot;:&quot;https:\\\/\\\/youtu.be\\\/27X-S88c3OY&quot;,&quot;video_type&quot;:&quot;youtube&quot;,&quot;controls&quot;:&quot;yes&quot;}\" data-widget_type=\"video.default\">\n\t\t\t\t<div class=\"elementor-widget-container\">\n\t\t\t\t\t\t\t<div class=\"elementor-wrapper elementor-open-inline\">\n\t\t\t<div class=\"elementor-video\"><\/div>\t\t<\/div>\n\t\t\t\t\t\t<\/div>\n\t\t\t\t<\/div>\n\t\t\t\t\t<\/div>\n\t\t<\/div>\n\t\t\t\t<div class=\"elementor-column elementor-col-50 elementor-top-column elementor-element elementor-element-bdd7a11\" data-id=\"bdd7a11\" data-element_type=\"column\" data-e-type=\"column\" data-settings=\"{&quot;background_background&quot;:&quot;classic&quot;}\">\n\t\t\t<div class=\"elementor-widget-wrap elementor-element-populated\">\n\t\t\t\t\t\t<div class=\"elementor-element elementor-element-4bd6875 elementor-widget elementor-widget-video\" data-id=\"4bd6875\" data-element_type=\"widget\" data-e-type=\"widget\" data-settings=\"{&quot;youtube_url&quot;:&quot;https:\\\/\\\/youtu.be\\\/HxJXb3AOjgw&quot;,&quot;video_type&quot;:&quot;youtube&quot;,&quot;controls&quot;:&quot;yes&quot;}\" data-widget_type=\"video.default\">\n\t\t\t\t<div class=\"elementor-widget-container\">\n\t\t\t\t\t\t\t<div class=\"elementor-wrapper elementor-open-inline\">\n\t\t\t<div class=\"elementor-video\"><\/div>\t\t<\/div>\n\t\t\t\t\t\t<\/div>\n\t\t\t\t<\/div>\n\t\t\t\t<div class=\"elementor-element elementor-element-82f992e elementor-widget elementor-widget-video\" data-id=\"82f992e\" data-element_type=\"widget\" data-e-type=\"widget\" data-settings=\"{&quot;youtube_url&quot;:&quot;https:\\\/\\\/youtu.be\\\/lGqDFMEglEc&quot;,&quot;video_type&quot;:&quot;youtube&quot;,&quot;controls&quot;:&quot;yes&quot;}\" data-widget_type=\"video.default\">\n\t\t\t\t<div class=\"elementor-widget-container\">\n\t\t\t\t\t\t\t<div class=\"elementor-wrapper elementor-open-inline\">\n\t\t\t<div class=\"elementor-video\"><\/div>\t\t<\/div>\n\t\t\t\t\t\t<\/div>\n\t\t\t\t<\/div>\n\t\t\t\t\t<\/div>\n\t\t<\/div>\n\t\t\t\t\t<\/div>\n\t\t<\/section>\n\t\t\t\t<\/div>\n\t\t","protected":false},"excerpt":{"rendered":"<p>Firmencheck \u2713 \u2013 Schau dich schlau! Film ab! Berufevideos aus der Schmiede der BBOK Die Filmreihe \u201eFirmencheck \u2713 \u2013 Schau dich schlau!\u201c bietet angehenden AHS-Maturant_innen die exklusive M\u00f6glichkeit, hinter die Kulissen von K\u00e4rntner Lehrbetrieben zu blicken und praxisnahe Informationen zur dualen Berufsausbildung zu bekommen. Die Videos eignen sich auch zum Einsatz im Unterricht bzw. Klassenverband.\u00a0 [&hellip;]<\/p>\n","protected":false},"author":1,"featured_media":1137,"parent":0,"menu_order":0,"comment_status":"closed","ping_status":"closed","template":"","meta":{"footnotes":""},"class_list":["post-1309","page","type-page","status-publish","has-post-thumbnail","hentry"],"yoast_head":"<!-- This site is optimized with the Yoast SEO plugin v27.5 - https:\/\/yoast.com\/product\/yoast-seo-wordpress\/ -->\n<title>Firmencheck \u2013 Schau dich schlau! - BO 360<\/title>\n<meta name=\"description\" content=\"Die Filmreihe \u201eFirmencheck \u2013 Schau dich schlau\u201c bietet angehenden AHS-MaturantInnen die exklusive M\u00f6glichkeit, hinter die Kulissen von K\u00e4rntner Lehrbetrieben zu blicken und praxisnahe Informationen zur dualen Berufsausbildung zu bekommen.\" \/>\n<meta name=\"robots\" content=\"index, follow, max-snippet:-1, max-image-preview:large, max-video-preview:-1\" \/>\n<link rel=\"canonical\" href=\"https:\/\/bbok.at\/bo360\/firmencheck-schau-dich-schlau\/\" \/>\n<meta property=\"og:locale\" content=\"de_DE\" \/>\n<meta property=\"og:type\" content=\"article\" \/>\n<meta property=\"og:title\" content=\"Firmencheck \u2013 Schau dich schlau! - BO 360\" \/>\n<meta property=\"og:description\" content=\"Die Filmreihe \u201eFirmencheck \u2013 Schau dich schlau\u201c bietet angehenden AHS-MaturantInnen die exklusive M\u00f6glichkeit, hinter die Kulissen von K\u00e4rntner Lehrbetrieben zu blicken und praxisnahe Informationen zur dualen Berufsausbildung zu bekommen.\" \/>\n<meta property=\"og:url\" content=\"https:\/\/bbok.at\/bo360\/firmencheck-schau-dich-schlau\/\" \/>\n<meta property=\"og:site_name\" content=\"BO 360\" \/>\n<meta property=\"article:modified_time\" content=\"2024-02-23T17:00:59+00:00\" \/>\n<meta property=\"og:image\" content=\"https:\/\/bbok.at\/bo360\/wp-content\/uploads\/2021\/04\/coming-soon-new-1.jpg\" \/>\n\t<meta property=\"og:image:width\" content=\"1504\" \/>\n\t<meta property=\"og:image:height\" content=\"1004\" \/>\n\t<meta property=\"og:image:type\" content=\"image\/jpeg\" \/>\n<meta name=\"twitter:card\" content=\"summary_large_image\" \/>\n<meta name=\"twitter:label1\" content=\"Gesch\u00e4tzte Lesezeit\" \/>\n\t<meta name=\"twitter:data1\" content=\"1\u00a0Minute\" \/>\n<script type=\"application\/ld+json\" class=\"yoast-schema-graph\">{\"@context\":\"https:\\\/\\\/schema.org\",\"@graph\":[{\"@type\":\"WebPage\",\"@id\":\"https:\\\/\\\/bbok.at\\\/bo360\\\/firmencheck-schau-dich-schlau\\\/\",\"url\":\"https:\\\/\\\/bbok.at\\\/bo360\\\/firmencheck-schau-dich-schlau\\\/\",\"name\":\"Firmencheck \u2013 Schau dich schlau! - BO 360\",\"isPartOf\":{\"@id\":\"https:\\\/\\\/bbok.at\\\/bo360\\\/#website\"},\"primaryImageOfPage\":{\"@id\":\"https:\\\/\\\/bbok.at\\\/bo360\\\/firmencheck-schau-dich-schlau\\\/#primaryimage\"},\"image\":{\"@id\":\"https:\\\/\\\/bbok.at\\\/bo360\\\/firmencheck-schau-dich-schlau\\\/#primaryimage\"},\"thumbnailUrl\":\"https:\\\/\\\/bbok.at\\\/bo360\\\/wp-content\\\/uploads\\\/2021\\\/04\\\/coming-soon-new-1.jpg\",\"datePublished\":\"2021-07-13T09:05:53+00:00\",\"dateModified\":\"2024-02-23T17:00:59+00:00\",\"description\":\"Die Filmreihe \u201eFirmencheck \u2013 Schau dich schlau\u201c bietet angehenden AHS-MaturantInnen die exklusive M\u00f6glichkeit, hinter die Kulissen von K\u00e4rntner Lehrbetrieben zu blicken und praxisnahe Informationen zur dualen Berufsausbildung zu bekommen.\",\"breadcrumb\":{\"@id\":\"https:\\\/\\\/bbok.at\\\/bo360\\\/firmencheck-schau-dich-schlau\\\/#breadcrumb\"},\"inLanguage\":\"de\",\"potentialAction\":[{\"@type\":\"ReadAction\",\"target\":[\"https:\\\/\\\/bbok.at\\\/bo360\\\/firmencheck-schau-dich-schlau\\\/\"]}]},{\"@type\":\"ImageObject\",\"inLanguage\":\"de\",\"@id\":\"https:\\\/\\\/bbok.at\\\/bo360\\\/firmencheck-schau-dich-schlau\\\/#primaryimage\",\"url\":\"https:\\\/\\\/bbok.at\\\/bo360\\\/wp-content\\\/uploads\\\/2021\\\/04\\\/coming-soon-new-1.jpg\",\"contentUrl\":\"https:\\\/\\\/bbok.at\\\/bo360\\\/wp-content\\\/uploads\\\/2021\\\/04\\\/coming-soon-new-1.jpg\",\"width\":1504,\"height\":1004,\"caption\":\"Firmencheck \u2013 Schau dich schlau!\"},{\"@type\":\"BreadcrumbList\",\"@id\":\"https:\\\/\\\/bbok.at\\\/bo360\\\/firmencheck-schau-dich-schlau\\\/#breadcrumb\",\"itemListElement\":[{\"@type\":\"ListItem\",\"position\":1,\"name\":\"Startseite\",\"item\":\"https:\\\/\\\/bbok.at\\\/bo360\\\/\"},{\"@type\":\"ListItem\",\"position\":2,\"name\":\"Firmencheck \u2013 Schau dich schlau!\"}]},{\"@type\":\"WebSite\",\"@id\":\"https:\\\/\\\/bbok.at\\\/bo360\\\/#website\",\"url\":\"https:\\\/\\\/bbok.at\\\/bo360\\\/\",\"name\":\"BO 360\",\"description\":\"Digitale Projekte der BBOK\",\"publisher\":{\"@id\":\"https:\\\/\\\/bbok.at\\\/bo360\\\/#organization\"},\"potentialAction\":[{\"@type\":\"SearchAction\",\"target\":{\"@type\":\"EntryPoint\",\"urlTemplate\":\"https:\\\/\\\/bbok.at\\\/bo360\\\/?s={search_term_string}\"},\"query-input\":{\"@type\":\"PropertyValueSpecification\",\"valueRequired\":true,\"valueName\":\"search_term_string\"}}],\"inLanguage\":\"de\"},{\"@type\":\"Organization\",\"@id\":\"https:\\\/\\\/bbok.at\\\/bo360\\\/#organization\",\"name\":\"BBOK Berufs und Bildungsorientierung K\u00e4rnten\",\"url\":\"https:\\\/\\\/bbok.at\\\/bo360\\\/\",\"logo\":{\"@type\":\"ImageObject\",\"inLanguage\":\"de\",\"@id\":\"https:\\\/\\\/bbok.at\\\/bo360\\\/#\\\/schema\\\/logo\\\/image\\\/\",\"url\":\"https:\\\/\\\/bbok.at\\\/bo360\\\/wp-content\\\/uploads\\\/2021\\\/04\\\/cropped-BBO-Kaernten-Logo-small.png\",\"contentUrl\":\"https:\\\/\\\/bbok.at\\\/bo360\\\/wp-content\\\/uploads\\\/2021\\\/04\\\/cropped-BBO-Kaernten-Logo-small.png\",\"width\":1260,\"height\":350,\"caption\":\"BBOK Berufs und Bildungsorientierung K\u00e4rnten\"},\"image\":{\"@id\":\"https:\\\/\\\/bbok.at\\\/bo360\\\/#\\\/schema\\\/logo\\\/image\\\/\"}}]}<\/script>\n<!-- \/ Yoast SEO plugin. -->","yoast_head_json":{"title":"Firmencheck \u2013 Schau dich schlau! - BO 360","description":"Die Filmreihe \u201eFirmencheck \u2013 Schau dich schlau\u201c bietet angehenden AHS-MaturantInnen die exklusive M\u00f6glichkeit, hinter die Kulissen von K\u00e4rntner Lehrbetrieben zu blicken und praxisnahe Informationen zur dualen Berufsausbildung zu bekommen.","robots":{"index":"index","follow":"follow","max-snippet":"max-snippet:-1","max-image-preview":"max-image-preview:large","max-video-preview":"max-video-preview:-1"},"canonical":"https:\/\/bbok.at\/bo360\/firmencheck-schau-dich-schlau\/","og_locale":"de_DE","og_type":"article","og_title":"Firmencheck \u2013 Schau dich schlau! - BO 360","og_description":"Die Filmreihe \u201eFirmencheck \u2013 Schau dich schlau\u201c bietet angehenden AHS-MaturantInnen die exklusive M\u00f6glichkeit, hinter die Kulissen von K\u00e4rntner Lehrbetrieben zu blicken und praxisnahe Informationen zur dualen Berufsausbildung zu bekommen.","og_url":"https:\/\/bbok.at\/bo360\/firmencheck-schau-dich-schlau\/","og_site_name":"BO 360","article_modified_time":"2024-02-23T17:00:59+00:00","og_image":[{"width":1504,"height":1004,"url":"https:\/\/bbok.at\/bo360\/wp-content\/uploads\/2021\/04\/coming-soon-new-1.jpg","type":"image\/jpeg"}],"twitter_card":"summary_large_image","twitter_misc":{"Gesch\u00e4tzte Lesezeit":"1\u00a0Minute"},"schema":{"@context":"https:\/\/schema.org","@graph":[{"@type":"WebPage","@id":"https:\/\/bbok.at\/bo360\/firmencheck-schau-dich-schlau\/","url":"https:\/\/bbok.at\/bo360\/firmencheck-schau-dich-schlau\/","name":"Firmencheck \u2013 Schau dich schlau! - BO 360","isPartOf":{"@id":"https:\/\/bbok.at\/bo360\/#website"},"primaryImageOfPage":{"@id":"https:\/\/bbok.at\/bo360\/firmencheck-schau-dich-schlau\/#primaryimage"},"image":{"@id":"https:\/\/bbok.at\/bo360\/firmencheck-schau-dich-schlau\/#primaryimage"},"thumbnailUrl":"https:\/\/bbok.at\/bo360\/wp-content\/uploads\/2021\/04\/coming-soon-new-1.jpg","datePublished":"2021-07-13T09:05:53+00:00","dateModified":"2024-02-23T17:00:59+00:00","description":"Die Filmreihe \u201eFirmencheck \u2013 Schau dich schlau\u201c bietet angehenden AHS-MaturantInnen die exklusive M\u00f6glichkeit, hinter die Kulissen von K\u00e4rntner Lehrbetrieben zu blicken und praxisnahe Informationen zur dualen Berufsausbildung zu bekommen.","breadcrumb":{"@id":"https:\/\/bbok.at\/bo360\/firmencheck-schau-dich-schlau\/#breadcrumb"},"inLanguage":"de","potentialAction":[{"@type":"ReadAction","target":["https:\/\/bbok.at\/bo360\/firmencheck-schau-dich-schlau\/"]}]},{"@type":"ImageObject","inLanguage":"de","@id":"https:\/\/bbok.at\/bo360\/firmencheck-schau-dich-schlau\/#primaryimage","url":"https:\/\/bbok.at\/bo360\/wp-content\/uploads\/2021\/04\/coming-soon-new-1.jpg","contentUrl":"https:\/\/bbok.at\/bo360\/wp-content\/uploads\/2021\/04\/coming-soon-new-1.jpg","width":1504,"height":1004,"caption":"Firmencheck \u2013 Schau dich schlau!"},{"@type":"BreadcrumbList","@id":"https:\/\/bbok.at\/bo360\/firmencheck-schau-dich-schlau\/#breadcrumb","itemListElement":[{"@type":"ListItem","position":1,"name":"Startseite","item":"https:\/\/bbok.at\/bo360\/"},{"@type":"ListItem","position":2,"name":"Firmencheck \u2013 Schau dich schlau!"}]},{"@type":"WebSite","@id":"https:\/\/bbok.at\/bo360\/#website","url":"https:\/\/bbok.at\/bo360\/","name":"BO 360","description":"Digitale Projekte der BBOK","publisher":{"@id":"https:\/\/bbok.at\/bo360\/#organization"},"potentialAction":[{"@type":"SearchAction","target":{"@type":"EntryPoint","urlTemplate":"https:\/\/bbok.at\/bo360\/?s={search_term_string}"},"query-input":{"@type":"PropertyValueSpecification","valueRequired":true,"valueName":"search_term_string"}}],"inLanguage":"de"},{"@type":"Organization","@id":"https:\/\/bbok.at\/bo360\/#organization","name":"BBOK Berufs und Bildungsorientierung K\u00e4rnten","url":"https:\/\/bbok.at\/bo360\/","logo":{"@type":"ImageObject","inLanguage":"de","@id":"https:\/\/bbok.at\/bo360\/#\/schema\/logo\/image\/","url":"https:\/\/bbok.at\/bo360\/wp-content\/uploads\/2021\/04\/cropped-BBO-Kaernten-Logo-small.png","contentUrl":"https:\/\/bbok.at\/bo360\/wp-content\/uploads\/2021\/04\/cropped-BBO-Kaernten-Logo-small.png","width":1260,"height":350,"caption":"BBOK Berufs und Bildungsorientierung K\u00e4rnten"},"image":{"@id":"https:\/\/bbok.at\/bo360\/#\/schema\/logo\/image\/"}}]}},"_links":{"self":[{"href":"https:\/\/bbok.at\/bo360\/wp-json\/wp\/v2\/pages\/1309","targetHints":{"allow":["GET"]}}],"collection":[{"href":"https:\/\/bbok.at\/bo360\/wp-json\/wp\/v2\/pages"}],"about":[{"href":"https:\/\/bbok.at\/bo360\/wp-json\/wp\/v2\/types\/page"}],"author":[{"embeddable":true,"href":"https:\/\/bbok.at\/bo360\/wp-json\/wp\/v2\/users\/1"}],"replies":[{"embeddable":true,"href":"https:\/\/bbok.at\/bo360\/wp-json\/wp\/v2\/comments?post=1309"}],"version-history":[{"count":10,"href":"https:\/\/bbok.at\/bo360\/wp-json\/wp\/v2\/pages\/1309\/revisions"}],"predecessor-version":[{"id":1653,"href":"https:\/\/bbok.at\/bo360\/wp-json\/wp\/v2\/pages\/1309\/revisions\/1653"}],"wp:featuredmedia":[{"embeddable":true,"href":"https:\/\/bbok.at\/bo360\/wp-json\/wp\/v2\/media\/1137"}],"wp:attachment":[{"href":"https:\/\/bbok.at\/bo360\/wp-json\/wp\/v2\/media?parent=1309"}],"curies":[{"name":"wp","href":"https:\/\/api.w.org\/{rel}","templated":true}]}}