{"id":930,"date":"2021-04-21T12:49:35","date_gmt":"2021-04-21T10:49:35","guid":{"rendered":"https:\/\/bbok.at\/bo360\/?page_id=930"},"modified":"2024-02-23T17:59:23","modified_gmt":"2024-02-23T16:59:23","slug":"check-a-job-digital","status":"publish","type":"page","link":"https:\/\/bbok.at\/bo360\/check-a-job-digital\/","title":{"rendered":"check a job digital"},"content":{"rendered":"\t\t<div data-elementor-type=\"wp-page\" data-elementor-id=\"930\" class=\"elementor elementor-930\" data-elementor-post-type=\"page\">\n\t\t\t\t\t\t<section class=\"elementor-section elementor-top-section elementor-element elementor-element-6573b8fe elementor-reverse-tablet elementor-reverse-mobile elementor-section-boxed elementor-section-height-default elementor-section-height-default\" data-id=\"6573b8fe\" data-element_type=\"section\" data-e-type=\"section\" data-settings=\"{&quot;background_background&quot;:&quot;classic&quot;}\">\n\t\t\t\t\t\t\t<div class=\"elementor-background-overlay\"><\/div>\n\t\t\t\t\t\t\t<div class=\"elementor-container elementor-column-gap-no\">\n\t\t\t\t\t<div class=\"elementor-column elementor-col-100 elementor-top-column elementor-element elementor-element-17b7798\" data-id=\"17b7798\" data-element_type=\"column\" data-e-type=\"column\" data-settings=\"{&quot;background_background&quot;:&quot;classic&quot;}\">\n\t\t\t<div class=\"elementor-widget-wrap elementor-element-populated\">\n\t\t\t\t\t\t<div class=\"elementor-element elementor-element-8d33ffc elementor-widget elementor-widget-heading\" data-id=\"8d33ffc\" data-element_type=\"widget\" data-e-type=\"widget\" data-widget_type=\"heading.default\">\n\t\t\t\t<div class=\"elementor-widget-container\">\n\t\t\t\t\t<h2 class=\"elementor-heading-title elementor-size-default\">\"Check a job digital\u201c<\/h2>\t\t\t\t<\/div>\n\t\t\t\t<\/div>\n\t\t\t\t<div class=\"elementor-element elementor-element-df78b45 elementor-widget elementor-widget-text-editor\" data-id=\"df78b45\" data-element_type=\"widget\" data-e-type=\"widget\" data-widget_type=\"text-editor.default\">\n\t\t\t\t<div class=\"elementor-widget-container\">\n\t\t\t\t\t\t\t\t\t<p><em><strong>Digitale Recherchen zum Wunschberuf<\/strong><\/em><\/p>\t\t\t\t\t\t\t\t<\/div>\n\t\t\t\t<\/div>\n\t\t\t\t<div class=\"elementor-element elementor-element-10c6f7a7 elementor-widget elementor-widget-text-editor\" data-id=\"10c6f7a7\" data-element_type=\"widget\" data-e-type=\"widget\" data-widget_type=\"text-editor.default\">\n\t\t\t\t<div class=\"elementor-widget-container\">\n\t\t\t\t\t\t\t\t\t<p>Unter Nutzung diverser \u2013 insbesondere digitaler \u2013 M\u00f6glichkeiten recherchieren Sch\u00fcler_innen Wissenswertes zum eigenen Wunschberuf. Interviews und Gespr\u00e4che k\u00f6nnen via Zoom-Meeting, Telefonat oder Facetime-Unterhaltung mit Berufsvertreter_innen gef\u00fchrt werden. Abgerundet wird das Projekt durch Abschlusspr\u00e4sentationen im Klassenverband: Kurzvideos \u00e0 la TikTok, Insta-Story oder kreative Zeichnungen, die Jugendlichen d\u00fcrfen sich dabei ganz ihrer Lieblingsmedien bedienen.<\/p><p>Das Projekt eignet sich auch als Corona-Ersatz f\u00fcr den Ausfall der berufspraktischen Tage (Schnuppertage).<\/p><p>Pressestimmen zu \u201echeck a job digital\u201c<\/p>\t\t\t\t\t\t\t\t<\/div>\n\t\t\t\t<\/div>\n\t\t\t\t<section class=\"elementor-section elementor-inner-section elementor-element elementor-element-0f2f61d elementor-section-boxed elementor-section-height-default elementor-section-height-default\" data-id=\"0f2f61d\" data-element_type=\"section\" data-e-type=\"section\">\n\t\t\t\t\t\t<div class=\"elementor-container elementor-column-gap-default\">\n\t\t\t\t\t<div class=\"elementor-column elementor-col-50 elementor-inner-column elementor-element elementor-element-ec235a8\" data-id=\"ec235a8\" data-element_type=\"column\" data-e-type=\"column\">\n\t\t\t<div class=\"elementor-widget-wrap elementor-element-populated\">\n\t\t\t\t\t\t<div class=\"elementor-element elementor-element-a1c9f04 elementor-widget elementor-widget-image\" data-id=\"a1c9f04\" data-element_type=\"widget\" data-e-type=\"widget\" data-widget_type=\"image.default\">\n\t\t\t\t<div class=\"elementor-widget-container\">\n\t\t\t\t\t\t\t\t\t\t\t\t\t\t\t\t<a href=\"https:\/\/bbok.at\/bo360\/wp-content\/uploads\/2021\/04\/Check-a-job_Kronen-Zeitung-20.12.2020.jpg\" data-elementor-open-lightbox=\"yes\" data-elementor-lightbox-title=\"Check A Job Digital\" data-elementor-lightbox-description=\"Artikel in der Kronen Zeitung am 20.12.2020 \" data-e-action-hash=\"#elementor-action%3Aaction%3Dlightbox%26settings%3DeyJpZCI6OTM0LCJ1cmwiOiJodHRwczpcL1wvYmJvay5hdFwvYm8zNjBcL3dwLWNvbnRlbnRcL3VwbG9hZHNcLzIwMjFcLzA0XC9DaGVjay1hLWpvYl9Lcm9uZW4tWmVpdHVuZy0yMC4xMi4yMDIwLmpwZyJ9\">\n\t\t\t\t\t\t\t<img fetchpriority=\"high\" decoding=\"async\" width=\"800\" height=\"512\" src=\"https:\/\/bbok.at\/bo360\/wp-content\/uploads\/2021\/04\/Check-a-job_Kronen-Zeitung-20.12.2020-1024x655.jpg\" class=\"attachment-large size-large wp-image-934\" alt=\"Check A Job Kronen Zeitung Artikel 20.12.2020\" srcset=\"https:\/\/bbok.at\/bo360\/wp-content\/uploads\/2021\/04\/Check-a-job_Kronen-Zeitung-20.12.2020-1024x655.jpg 1024w, https:\/\/bbok.at\/bo360\/wp-content\/uploads\/2021\/04\/Check-a-job_Kronen-Zeitung-20.12.2020-300x192.jpg 300w, https:\/\/bbok.at\/bo360\/wp-content\/uploads\/2021\/04\/Check-a-job_Kronen-Zeitung-20.12.2020-768x492.jpg 768w, https:\/\/bbok.at\/bo360\/wp-content\/uploads\/2021\/04\/Check-a-job_Kronen-Zeitung-20.12.2020-1536x983.jpg 1536w, https:\/\/bbok.at\/bo360\/wp-content\/uploads\/2021\/04\/Check-a-job_Kronen-Zeitung-20.12.2020.jpg 1600w\" sizes=\"(max-width: 800px) 100vw, 800px\" \/>\t\t\t\t\t\t\t\t<\/a>\n\t\t\t\t\t\t\t\t\t\t\t\t\t\t\t<\/div>\n\t\t\t\t<\/div>\n\t\t\t\t<div class=\"elementor-element elementor-element-329b24f elementor-widget elementor-widget-image\" data-id=\"329b24f\" data-element_type=\"widget\" data-e-type=\"widget\" data-widget_type=\"image.default\">\n\t\t\t\t<div class=\"elementor-widget-container\">\n\t\t\t\t\t\t\t\t\t\t\t\t\t\t\t\t<a href=\"https:\/\/bbok.at\/bo360\/wp-content\/uploads\/2021\/04\/Check-a-job_meinBezirk.jpg\" data-elementor-open-lightbox=\"yes\" data-elementor-lightbox-title=\"Check A Job Digital\" data-elementor-lightbox-description=\"Artikel in Mein Bezirk \" data-e-action-hash=\"#elementor-action%3Aaction%3Dlightbox%26settings%3DeyJpZCI6OTM1LCJ1cmwiOiJodHRwczpcL1wvYmJvay5hdFwvYm8zNjBcL3dwLWNvbnRlbnRcL3VwbG9hZHNcLzIwMjFcLzA0XC9DaGVjay1hLWpvYl9tZWluQmV6aXJrLmpwZyJ9\">\n\t\t\t\t\t\t\t<img decoding=\"async\" width=\"691\" height=\"916\" src=\"https:\/\/bbok.at\/bo360\/wp-content\/uploads\/2021\/04\/Check-a-job_meinBezirk.jpg\" class=\"attachment-large size-large wp-image-935\" alt=\"Check A Job Berufsorientierung Mein Bezirk Artikel\" srcset=\"https:\/\/bbok.at\/bo360\/wp-content\/uploads\/2021\/04\/Check-a-job_meinBezirk.jpg 691w, https:\/\/bbok.at\/bo360\/wp-content\/uploads\/2021\/04\/Check-a-job_meinBezirk-226x300.jpg 226w\" sizes=\"(max-width: 691px) 100vw, 691px\" \/>\t\t\t\t\t\t\t\t<\/a>\n\t\t\t\t\t\t\t\t\t\t\t\t\t\t\t<\/div>\n\t\t\t\t<\/div>\n\t\t\t\t\t<\/div>\n\t\t<\/div>\n\t\t\t\t<div class=\"elementor-column elementor-col-50 elementor-inner-column elementor-element elementor-element-4cba141\" data-id=\"4cba141\" data-element_type=\"column\" data-e-type=\"column\">\n\t\t\t<div class=\"elementor-widget-wrap elementor-element-populated\">\n\t\t\t\t\t\t<div class=\"elementor-element elementor-element-cc5c54d elementor-widget elementor-widget-image\" data-id=\"cc5c54d\" data-element_type=\"widget\" data-e-type=\"widget\" data-widget_type=\"image.default\">\n\t\t\t\t<div class=\"elementor-widget-container\">\n\t\t\t\t\t\t\t\t\t\t\t\t\t\t\t\t<a href=\"https:\/\/bbok.at\/bo360\/wp-content\/uploads\/2021\/04\/Check-a-job_Kaerntner-Woche.jpg\" data-elementor-open-lightbox=\"yes\" data-elementor-lightbox-title=\"Check A Job Digital\" data-elementor-lightbox-description=\"Artikel in der K\u00e4rntner Woche \" data-e-action-hash=\"#elementor-action%3Aaction%3Dlightbox%26settings%3DeyJpZCI6OTMzLCJ1cmwiOiJodHRwczpcL1wvYmJvay5hdFwvYm8zNjBcL3dwLWNvbnRlbnRcL3VwbG9hZHNcLzIwMjFcLzA0XC9DaGVjay1hLWpvYl9LYWVybnRuZXItV29jaGUuanBnIn0%3D\">\n\t\t\t\t\t\t\t<img decoding=\"async\" width=\"339\" height=\"862\" src=\"https:\/\/bbok.at\/bo360\/wp-content\/uploads\/2021\/04\/Check-a-job_Kaerntner-Woche.jpg\" class=\"attachment-large size-large wp-image-933\" alt=\"Check A Job Berufsorientierung K\u00e4rntner Woche\" srcset=\"https:\/\/bbok.at\/bo360\/wp-content\/uploads\/2021\/04\/Check-a-job_Kaerntner-Woche.jpg 339w, https:\/\/bbok.at\/bo360\/wp-content\/uploads\/2021\/04\/Check-a-job_Kaerntner-Woche-118x300.jpg 118w\" sizes=\"(max-width: 339px) 100vw, 339px\" \/>\t\t\t\t\t\t\t\t<\/a>\n\t\t\t\t\t\t\t\t\t\t\t\t\t\t\t<\/div>\n\t\t\t\t<\/div>\n\t\t\t\t\t<\/div>\n\t\t<\/div>\n\t\t\t\t\t<\/div>\n\t\t<\/section>\n\t\t\t\t<section class=\"elementor-section elementor-inner-section elementor-element elementor-element-86f3b12 elementor-section-boxed elementor-section-height-default elementor-section-height-default\" data-id=\"86f3b12\" data-element_type=\"section\" data-e-type=\"section\">\n\t\t\t\t\t\t<div class=\"elementor-container elementor-column-gap-default\">\n\t\t\t\t\t<div class=\"elementor-column elementor-col-50 elementor-inner-column elementor-element elementor-element-18d1bc1\" data-id=\"18d1bc1\" data-element_type=\"column\" data-e-type=\"column\">\n\t\t\t<div class=\"elementor-widget-wrap elementor-element-populated\">\n\t\t\t\t\t\t<div class=\"elementor-element elementor-element-047fca0 elementor-widget elementor-widget-image\" data-id=\"047fca0\" data-element_type=\"widget\" data-e-type=\"widget\" data-widget_type=\"image.default\">\n\t\t\t\t<div class=\"elementor-widget-container\">\n\t\t\t\t\t\t\t\t\t\t\t\t\t\t\t\t<a href=\"https:\/\/bbok.at\/bo360\/wp-content\/uploads\/2021\/04\/check-a-job-st-veiter-complete.jpg\" data-elementor-open-lightbox=\"yes\" data-elementor-lightbox-title=\"Check A Job Digital\" data-elementor-lightbox-description=\"Artikel \u00fcber Check A Job Digital in der St. Veiter Zeitung\" data-e-action-hash=\"#elementor-action%3Aaction%3Dlightbox%26settings%3DeyJpZCI6OTQzLCJ1cmwiOiJodHRwczpcL1wvYmJvay5hdFwvYm8zNjBcL3dwLWNvbnRlbnRcL3VwbG9hZHNcLzIwMjFcLzA0XC9jaGVjay1hLWpvYi1zdC12ZWl0ZXItY29tcGxldGUuanBnIn0%3D\">\n\t\t\t\t\t\t\t<img loading=\"lazy\" decoding=\"async\" width=\"689\" height=\"1024\" src=\"https:\/\/bbok.at\/bo360\/wp-content\/uploads\/2021\/04\/check-a-job-st-veiter-complete-689x1024.jpg\" class=\"attachment-large size-large wp-image-943\" alt=\"Check A Job St Veiter Zeitung Artikel\" srcset=\"https:\/\/bbok.at\/bo360\/wp-content\/uploads\/2021\/04\/check-a-job-st-veiter-complete-689x1024.jpg 689w, https:\/\/bbok.at\/bo360\/wp-content\/uploads\/2021\/04\/check-a-job-st-veiter-complete-202x300.jpg 202w, https:\/\/bbok.at\/bo360\/wp-content\/uploads\/2021\/04\/check-a-job-st-veiter-complete-768x1141.jpg 768w, https:\/\/bbok.at\/bo360\/wp-content\/uploads\/2021\/04\/check-a-job-st-veiter-complete.jpg 810w\" sizes=\"(max-width: 689px) 100vw, 689px\" \/>\t\t\t\t\t\t\t\t<\/a>\n\t\t\t\t\t\t\t\t\t\t\t\t\t\t\t<\/div>\n\t\t\t\t<\/div>\n\t\t\t\t\t<\/div>\n\t\t<\/div>\n\t\t\t\t<div class=\"elementor-column elementor-col-50 elementor-inner-column elementor-element elementor-element-d39ddb3\" data-id=\"d39ddb3\" data-element_type=\"column\" data-e-type=\"column\">\n\t\t\t<div class=\"elementor-widget-wrap elementor-element-populated\">\n\t\t\t\t\t\t<div class=\"elementor-element elementor-element-d363a60 elementor-widget elementor-widget-image\" data-id=\"d363a60\" data-element_type=\"widget\" data-e-type=\"widget\" data-widget_type=\"image.default\">\n\t\t\t\t<div class=\"elementor-widget-container\">\n\t\t\t\t\t\t\t\t\t\t\t\t\t\t\t\t<a href=\"https:\/\/bbok.at\/bo360\/wp-content\/uploads\/2021\/04\/check-a-job-st-veiter-complete-2.jpg\" data-elementor-open-lightbox=\"yes\" data-elementor-lightbox-title=\"Check A Job Digital\" data-elementor-lightbox-description=\"Artikel \u00fcber Check A Job Digital in der St. Veiter Zeitung\" data-e-action-hash=\"#elementor-action%3Aaction%3Dlightbox%26settings%3DeyJpZCI6OTQ0LCJ1cmwiOiJodHRwczpcL1wvYmJvay5hdFwvYm8zNjBcL3dwLWNvbnRlbnRcL3VwbG9hZHNcLzIwMjFcLzA0XC9jaGVjay1hLWpvYi1zdC12ZWl0ZXItY29tcGxldGUtMi5qcGcifQ%3D%3D\">\n\t\t\t\t\t\t\t<img loading=\"lazy\" decoding=\"async\" width=\"800\" height=\"773\" src=\"https:\/\/bbok.at\/bo360\/wp-content\/uploads\/2021\/04\/check-a-job-st-veiter-complete-2-1024x990.jpg\" class=\"attachment-large size-large wp-image-944\" alt=\"Check A Job St Veiter Zeitung Artikel\" srcset=\"https:\/\/bbok.at\/bo360\/wp-content\/uploads\/2021\/04\/check-a-job-st-veiter-complete-2-1024x990.jpg 1024w, https:\/\/bbok.at\/bo360\/wp-content\/uploads\/2021\/04\/check-a-job-st-veiter-complete-2-300x290.jpg 300w, https:\/\/bbok.at\/bo360\/wp-content\/uploads\/2021\/04\/check-a-job-st-veiter-complete-2-768x743.jpg 768w, https:\/\/bbok.at\/bo360\/wp-content\/uploads\/2021\/04\/check-a-job-st-veiter-complete-2.jpg 1116w\" sizes=\"(max-width: 800px) 100vw, 800px\" \/>\t\t\t\t\t\t\t\t<\/a>\n\t\t\t\t\t\t\t\t\t\t\t\t\t\t\t<\/div>\n\t\t\t\t<\/div>\n\t\t\t\t\t<\/div>\n\t\t<\/div>\n\t\t\t\t\t<\/div>\n\t\t<\/section>\n\t\t\t\t<div class=\"elementor-element elementor-element-8852cb9 elementor-align-center elementor-widget elementor-widget-button\" data-id=\"8852cb9\" data-element_type=\"widget\" data-e-type=\"widget\" data-widget_type=\"button.default\">\n\t\t\t\t<div class=\"elementor-widget-container\">\n\t\t\t\t\t\t\t\t\t<div class=\"elementor-button-wrapper\">\n\t\t\t\t\t<a class=\"elementor-button elementor-button-link elementor-size-sm\" href=\"https:\/\/bbok.at\/bo360\/\">\n\t\t\t\t\t\t<span class=\"elementor-button-content-wrapper\">\n\t\t\t\t\t\t\t\t\t<span class=\"elementor-button-text\">Zur\u00fcck zur \u00dcbersicht<\/span>\n\t\t\t\t\t<\/span>\n\t\t\t\t\t<\/a>\n\t\t\t\t<\/div>\n\t\t\t\t\t\t\t\t<\/div>\n\t\t\t\t<\/div>\n\t\t\t\t\t<\/div>\n\t\t<\/div>\n\t\t\t\t\t<\/div>\n\t\t<\/section>\n\t\t\t\t<\/div>\n\t\t","protected":false},"excerpt":{"rendered":"<p>&#8222;Check a job digital\u201c Digitale Recherchen zum Wunschberuf Unter Nutzung diverser \u2013 insbesondere digitaler \u2013 M\u00f6glichkeiten recherchieren Sch\u00fcler_innen Wissenswertes zum eigenen Wunschberuf. Interviews und Gespr\u00e4che k\u00f6nnen via Zoom-Meeting, Telefonat oder Facetime-Unterhaltung mit Berufsvertreter_innen gef\u00fchrt werden. Abgerundet wird das Projekt durch Abschlusspr\u00e4sentationen im Klassenverband: Kurzvideos \u00e0 la TikTok, Insta-Story oder kreative Zeichnungen, die Jugendlichen d\u00fcrfen sich [&hellip;]<\/p>\n","protected":false},"author":1,"featured_media":863,"parent":0,"menu_order":0,"comment_status":"closed","ping_status":"closed","template":"","meta":{"footnotes":""},"class_list":["post-930","page","type-page","status-publish","has-post-thumbnail","hentry"],"yoast_head":"<!-- This site is optimized with the Yoast SEO plugin v27.3 - https:\/\/yoast.com\/product\/yoast-seo-wordpress\/ -->\n<title>check a job digital - BO 360<\/title>\n<meta name=\"description\" content=\"Unter Nutzung diverser \u2013 insbesondere digitaler \u2013 M\u00f6glichkeiten recherchieren Sch\u00fclerInnen Wissenswertes zum eigenen Wunschberuf. Interviews und Gespr\u00e4che k\u00f6nnen via Zoom-Meeting, Telefonat oder Facetime-Unterhaltung mit BerufsvertreterInnen gef\u00fchrt werden.\" \/>\n<meta name=\"robots\" content=\"index, follow, max-snippet:-1, max-image-preview:large, max-video-preview:-1\" \/>\n<link rel=\"canonical\" href=\"https:\/\/bbok.at\/bo360\/check-a-job-digital\/\" \/>\n<meta property=\"og:locale\" content=\"de_DE\" \/>\n<meta property=\"og:type\" content=\"article\" \/>\n<meta property=\"og:title\" content=\"check a job digital - BO 360\" \/>\n<meta property=\"og:description\" content=\"Unter Nutzung diverser \u2013 insbesondere digitaler \u2013 M\u00f6glichkeiten recherchieren Sch\u00fclerInnen Wissenswertes zum eigenen Wunschberuf. Interviews und Gespr\u00e4che k\u00f6nnen via Zoom-Meeting, Telefonat oder Facetime-Unterhaltung mit BerufsvertreterInnen gef\u00fchrt werden.\" \/>\n<meta property=\"og:url\" content=\"https:\/\/bbok.at\/bo360\/check-a-job-digital\/\" \/>\n<meta property=\"og:site_name\" content=\"BO 360\" \/>\n<meta property=\"article:modified_time\" content=\"2024-02-23T16:59:23+00:00\" \/>\n<meta property=\"og:image\" content=\"https:\/\/bbok.at\/bo360\/wp-content\/uploads\/2021\/04\/check-a-job-digital-bbok-berufsorientierung-puzzle-neu.png\" \/>\n\t<meta property=\"og:image:width\" content=\"680\" \/>\n\t<meta property=\"og:image:height\" content=\"616\" \/>\n\t<meta property=\"og:image:type\" content=\"image\/png\" \/>\n<meta name=\"twitter:card\" content=\"summary_large_image\" \/>\n<meta name=\"twitter:label1\" content=\"Gesch\u00e4tzte Lesezeit\" \/>\n\t<meta name=\"twitter:data1\" content=\"2\u00a0Minuten\" \/>\n<script type=\"application\/ld+json\" class=\"yoast-schema-graph\">{\"@context\":\"https:\\\/\\\/schema.org\",\"@graph\":[{\"@type\":\"WebPage\",\"@id\":\"https:\\\/\\\/bbok.at\\\/bo360\\\/check-a-job-digital\\\/\",\"url\":\"https:\\\/\\\/bbok.at\\\/bo360\\\/check-a-job-digital\\\/\",\"name\":\"check a job digital - BO 360\",\"isPartOf\":{\"@id\":\"https:\\\/\\\/bbok.at\\\/bo360\\\/#website\"},\"primaryImageOfPage\":{\"@id\":\"https:\\\/\\\/bbok.at\\\/bo360\\\/check-a-job-digital\\\/#primaryimage\"},\"image\":{\"@id\":\"https:\\\/\\\/bbok.at\\\/bo360\\\/check-a-job-digital\\\/#primaryimage\"},\"thumbnailUrl\":\"https:\\\/\\\/bbok.at\\\/bo360\\\/wp-content\\\/uploads\\\/2021\\\/04\\\/check-a-job-digital-bbok-berufsorientierung-puzzle-neu.png\",\"datePublished\":\"2021-04-21T10:49:35+00:00\",\"dateModified\":\"2024-02-23T16:59:23+00:00\",\"description\":\"Unter Nutzung diverser \u2013 insbesondere digitaler \u2013 M\u00f6glichkeiten recherchieren Sch\u00fclerInnen Wissenswertes zum eigenen Wunschberuf. Interviews und Gespr\u00e4che k\u00f6nnen via Zoom-Meeting, Telefonat oder Facetime-Unterhaltung mit BerufsvertreterInnen gef\u00fchrt werden.\",\"breadcrumb\":{\"@id\":\"https:\\\/\\\/bbok.at\\\/bo360\\\/check-a-job-digital\\\/#breadcrumb\"},\"inLanguage\":\"de\",\"potentialAction\":[{\"@type\":\"ReadAction\",\"target\":[\"https:\\\/\\\/bbok.at\\\/bo360\\\/check-a-job-digital\\\/\"]}]},{\"@type\":\"ImageObject\",\"inLanguage\":\"de\",\"@id\":\"https:\\\/\\\/bbok.at\\\/bo360\\\/check-a-job-digital\\\/#primaryimage\",\"url\":\"https:\\\/\\\/bbok.at\\\/bo360\\\/wp-content\\\/uploads\\\/2021\\\/04\\\/check-a-job-digital-bbok-berufsorientierung-puzzle-neu.png\",\"contentUrl\":\"https:\\\/\\\/bbok.at\\\/bo360\\\/wp-content\\\/uploads\\\/2021\\\/04\\\/check-a-job-digital-bbok-berufsorientierung-puzzle-neu.png\",\"width\":680,\"height\":616,\"caption\":\"Check A Job Digital BBOK Berufsorientierung\"},{\"@type\":\"BreadcrumbList\",\"@id\":\"https:\\\/\\\/bbok.at\\\/bo360\\\/check-a-job-digital\\\/#breadcrumb\",\"itemListElement\":[{\"@type\":\"ListItem\",\"position\":1,\"name\":\"Startseite\",\"item\":\"https:\\\/\\\/bbok.at\\\/bo360\\\/\"},{\"@type\":\"ListItem\",\"position\":2,\"name\":\"check a job digital\"}]},{\"@type\":\"WebSite\",\"@id\":\"https:\\\/\\\/bbok.at\\\/bo360\\\/#website\",\"url\":\"https:\\\/\\\/bbok.at\\\/bo360\\\/\",\"name\":\"BO 360\",\"description\":\"Digitale Projekte der BBOK\",\"publisher\":{\"@id\":\"https:\\\/\\\/bbok.at\\\/bo360\\\/#organization\"},\"potentialAction\":[{\"@type\":\"SearchAction\",\"target\":{\"@type\":\"EntryPoint\",\"urlTemplate\":\"https:\\\/\\\/bbok.at\\\/bo360\\\/?s={search_term_string}\"},\"query-input\":{\"@type\":\"PropertyValueSpecification\",\"valueRequired\":true,\"valueName\":\"search_term_string\"}}],\"inLanguage\":\"de\"},{\"@type\":\"Organization\",\"@id\":\"https:\\\/\\\/bbok.at\\\/bo360\\\/#organization\",\"name\":\"BBOK Berufs und Bildungsorientierung K\u00e4rnten\",\"url\":\"https:\\\/\\\/bbok.at\\\/bo360\\\/\",\"logo\":{\"@type\":\"ImageObject\",\"inLanguage\":\"de\",\"@id\":\"https:\\\/\\\/bbok.at\\\/bo360\\\/#\\\/schema\\\/logo\\\/image\\\/\",\"url\":\"https:\\\/\\\/bbok.at\\\/bo360\\\/wp-content\\\/uploads\\\/2021\\\/04\\\/cropped-BBO-Kaernten-Logo-small.png\",\"contentUrl\":\"https:\\\/\\\/bbok.at\\\/bo360\\\/wp-content\\\/uploads\\\/2021\\\/04\\\/cropped-BBO-Kaernten-Logo-small.png\",\"width\":1260,\"height\":350,\"caption\":\"BBOK Berufs und Bildungsorientierung K\u00e4rnten\"},\"image\":{\"@id\":\"https:\\\/\\\/bbok.at\\\/bo360\\\/#\\\/schema\\\/logo\\\/image\\\/\"}}]}<\/script>\n<!-- \/ Yoast SEO plugin. -->","yoast_head_json":{"title":"check a job digital - BO 360","description":"Unter Nutzung diverser \u2013 insbesondere digitaler \u2013 M\u00f6glichkeiten recherchieren Sch\u00fclerInnen Wissenswertes zum eigenen Wunschberuf. Interviews und Gespr\u00e4che k\u00f6nnen via Zoom-Meeting, Telefonat oder Facetime-Unterhaltung mit BerufsvertreterInnen gef\u00fchrt werden.","robots":{"index":"index","follow":"follow","max-snippet":"max-snippet:-1","max-image-preview":"max-image-preview:large","max-video-preview":"max-video-preview:-1"},"canonical":"https:\/\/bbok.at\/bo360\/check-a-job-digital\/","og_locale":"de_DE","og_type":"article","og_title":"check a job digital - BO 360","og_description":"Unter Nutzung diverser \u2013 insbesondere digitaler \u2013 M\u00f6glichkeiten recherchieren Sch\u00fclerInnen Wissenswertes zum eigenen Wunschberuf. Interviews und Gespr\u00e4che k\u00f6nnen via Zoom-Meeting, Telefonat oder Facetime-Unterhaltung mit BerufsvertreterInnen gef\u00fchrt werden.","og_url":"https:\/\/bbok.at\/bo360\/check-a-job-digital\/","og_site_name":"BO 360","article_modified_time":"2024-02-23T16:59:23+00:00","og_image":[{"width":680,"height":616,"url":"https:\/\/bbok.at\/bo360\/wp-content\/uploads\/2021\/04\/check-a-job-digital-bbok-berufsorientierung-puzzle-neu.png","type":"image\/png"}],"twitter_card":"summary_large_image","twitter_misc":{"Gesch\u00e4tzte Lesezeit":"2\u00a0Minuten"},"schema":{"@context":"https:\/\/schema.org","@graph":[{"@type":"WebPage","@id":"https:\/\/bbok.at\/bo360\/check-a-job-digital\/","url":"https:\/\/bbok.at\/bo360\/check-a-job-digital\/","name":"check a job digital - BO 360","isPartOf":{"@id":"https:\/\/bbok.at\/bo360\/#website"},"primaryImageOfPage":{"@id":"https:\/\/bbok.at\/bo360\/check-a-job-digital\/#primaryimage"},"image":{"@id":"https:\/\/bbok.at\/bo360\/check-a-job-digital\/#primaryimage"},"thumbnailUrl":"https:\/\/bbok.at\/bo360\/wp-content\/uploads\/2021\/04\/check-a-job-digital-bbok-berufsorientierung-puzzle-neu.png","datePublished":"2021-04-21T10:49:35+00:00","dateModified":"2024-02-23T16:59:23+00:00","description":"Unter Nutzung diverser \u2013 insbesondere digitaler \u2013 M\u00f6glichkeiten recherchieren Sch\u00fclerInnen Wissenswertes zum eigenen Wunschberuf. Interviews und Gespr\u00e4che k\u00f6nnen via Zoom-Meeting, Telefonat oder Facetime-Unterhaltung mit BerufsvertreterInnen gef\u00fchrt werden.","breadcrumb":{"@id":"https:\/\/bbok.at\/bo360\/check-a-job-digital\/#breadcrumb"},"inLanguage":"de","potentialAction":[{"@type":"ReadAction","target":["https:\/\/bbok.at\/bo360\/check-a-job-digital\/"]}]},{"@type":"ImageObject","inLanguage":"de","@id":"https:\/\/bbok.at\/bo360\/check-a-job-digital\/#primaryimage","url":"https:\/\/bbok.at\/bo360\/wp-content\/uploads\/2021\/04\/check-a-job-digital-bbok-berufsorientierung-puzzle-neu.png","contentUrl":"https:\/\/bbok.at\/bo360\/wp-content\/uploads\/2021\/04\/check-a-job-digital-bbok-berufsorientierung-puzzle-neu.png","width":680,"height":616,"caption":"Check A Job Digital BBOK Berufsorientierung"},{"@type":"BreadcrumbList","@id":"https:\/\/bbok.at\/bo360\/check-a-job-digital\/#breadcrumb","itemListElement":[{"@type":"ListItem","position":1,"name":"Startseite","item":"https:\/\/bbok.at\/bo360\/"},{"@type":"ListItem","position":2,"name":"check a job digital"}]},{"@type":"WebSite","@id":"https:\/\/bbok.at\/bo360\/#website","url":"https:\/\/bbok.at\/bo360\/","name":"BO 360","description":"Digitale Projekte der BBOK","publisher":{"@id":"https:\/\/bbok.at\/bo360\/#organization"},"potentialAction":[{"@type":"SearchAction","target":{"@type":"EntryPoint","urlTemplate":"https:\/\/bbok.at\/bo360\/?s={search_term_string}"},"query-input":{"@type":"PropertyValueSpecification","valueRequired":true,"valueName":"search_term_string"}}],"inLanguage":"de"},{"@type":"Organization","@id":"https:\/\/bbok.at\/bo360\/#organization","name":"BBOK Berufs und Bildungsorientierung K\u00e4rnten","url":"https:\/\/bbok.at\/bo360\/","logo":{"@type":"ImageObject","inLanguage":"de","@id":"https:\/\/bbok.at\/bo360\/#\/schema\/logo\/image\/","url":"https:\/\/bbok.at\/bo360\/wp-content\/uploads\/2021\/04\/cropped-BBO-Kaernten-Logo-small.png","contentUrl":"https:\/\/bbok.at\/bo360\/wp-content\/uploads\/2021\/04\/cropped-BBO-Kaernten-Logo-small.png","width":1260,"height":350,"caption":"BBOK Berufs und Bildungsorientierung K\u00e4rnten"},"image":{"@id":"https:\/\/bbok.at\/bo360\/#\/schema\/logo\/image\/"}}]}},"_links":{"self":[{"href":"https:\/\/bbok.at\/bo360\/wp-json\/wp\/v2\/pages\/930","targetHints":{"allow":["GET"]}}],"collection":[{"href":"https:\/\/bbok.at\/bo360\/wp-json\/wp\/v2\/pages"}],"about":[{"href":"https:\/\/bbok.at\/bo360\/wp-json\/wp\/v2\/types\/page"}],"author":[{"embeddable":true,"href":"https:\/\/bbok.at\/bo360\/wp-json\/wp\/v2\/users\/1"}],"replies":[{"embeddable":true,"href":"https:\/\/bbok.at\/bo360\/wp-json\/wp\/v2\/comments?post=930"}],"version-history":[{"count":10,"href":"https:\/\/bbok.at\/bo360\/wp-json\/wp\/v2\/pages\/930\/revisions"}],"predecessor-version":[{"id":1644,"href":"https:\/\/bbok.at\/bo360\/wp-json\/wp\/v2\/pages\/930\/revisions\/1644"}],"wp:featuredmedia":[{"embeddable":true,"href":"https:\/\/bbok.at\/bo360\/wp-json\/wp\/v2\/media\/863"}],"wp:attachment":[{"href":"https:\/\/bbok.at\/bo360\/wp-json\/wp\/v2\/media?parent=930"}],"curies":[{"name":"wp","href":"https:\/\/api.w.org\/{rel}","templated":true}]}}